{"id":20,"date":"2025-07-26T16:10:02","date_gmt":"2025-07-26T14:10:02","guid":{"rendered":"https:\/\/autogdynia.pl\/?page_id=20"},"modified":"2025-08-10T19:59:32","modified_gmt":"2025-08-10T17:59:32","slug":"strona-glowna","status":"publish","type":"page","link":"https:\/\/autogdynia.pl\/","title":{"rendered":"Strona g\u0142\u00f3wna"},"content":{"rendered":"\n<div class=\"wp-block-cover alignfull\" style=\"padding-top:0%;min-height:60rem;aspect-ratio:unset;\"><img loading=\"lazy\" decoding=\"async\" width=\"1536\" height=\"1024\" class=\"wp-block-cover__image-background wp-image-113 size-full\" alt=\"\" src=\"https:\/\/autogdynia.pl\/wp-content\/uploads\/2025\/08\/ChatGPT-Image-5-\u0441\u0435\u0440\u043f.-2025-\u0440.-15_11_50-2.png\" data-object-fit=\"cover\" srcset=\"https:\/\/autogdynia.pl\/wp-content\/uploads\/2025\/08\/ChatGPT-Image-5-\u0441\u0435\u0440\u043f.-2025-\u0440.-15_11_50-2.png 1536w, https:\/\/autogdynia.pl\/wp-content\/uploads\/2025\/08\/ChatGPT-Image-5-\u0441\u0435\u0440\u043f.-2025-\u0440.-15_11_50-2-300x200.png 300w, https:\/\/autogdynia.pl\/wp-content\/uploads\/2025\/08\/ChatGPT-Image-5-\u0441\u0435\u0440\u043f.-2025-\u0440.-15_11_50-2-1024x683.png 1024w, https:\/\/autogdynia.pl\/wp-content\/uploads\/2025\/08\/ChatGPT-Image-5-\u0441\u0435\u0440\u043f.-2025-\u0440.-15_11_50-2-768x512.png 768w\" sizes=\"auto, (max-width: 1536px) 100vw, 1536px\" \/><span aria-hidden=\"true\" class=\"wp-block-cover__background has-background-dim-0 has-background-dim\" style=\"background-color:#555353\"><\/span><div class=\"wp-block-cover__inner-container has-global-padding is-layout-constrained wp-container-core-cover-is-layout-03d35aa7 wp-block-cover-is-layout-constrained\">\n<p class=\"has-text-align-center\" style=\"font-size:clamp(42.485px, 2.655rem + ((1vw - 3.2px) * 4.377), 81px);\"><strong>SKUP SAMOCHOD\u00d3W GDYNIA<\/strong><\/p>\n\n\n\n<div style=\"text-align: center;\">\n    <a href=\"tel:+48531218642\" class=\"call-btn\">\n        \ud83d\udcde Zadzwo\u0144 teraz\n    <\/a>\n<\/div>\n\n<style>\n.call-btn {\n    display: inline-block;\n    background: linear-gradient(90deg, #28a745, #218838);\n    color: white;\n    padding: 12px 24px;\n    font-size: 18px;\n    font-weight: bold;\n    text-decoration: none;\n    border-radius: 50px;\n    box-shadow: 0 4px 8px rgba(0,0,0,0.2);\n    transition: all 0.3s ease;\n}\n.call-btn:hover {\n    background: linear-gradient(90deg, #218838, #1e7e34);\n    box-shadow: 0 6px 12px rgba(0,0,0,0.3);\n    transform: translateY(-2px);\n}\n<\/style>\n\n\n<\/div><\/div>\n\n\n\n<p><\/p>\n\n\n\n<section class=\"wp-block-group alignfull has-text-color has-background has-global-padding is-layout-constrained wp-container-core-group-is-layout-5e70687f wp-block-group-is-layout-constrained\" style=\"color:#212121;background-color:#eff9ff;margin-top:0rem;padding-right:1rem;padding-left:1rem;font-size:clamp(0.875rem, 0.875rem + ((1vw - 0.2rem) * 0.464), 1.13rem);font-style:normal;font-weight:400;line-height:1.5\">\n<div class=\"wp-block-group is-style-default has-global-padding is-layout-constrained wp-container-core-group-is-layout-c328c1cf wp-block-group-is-layout-constrained\" style=\"padding-top:5.01rem;padding-bottom:4.01rem\">\n<div class=\"wp-block-columns is-not-stacked-on-mobile is-layout-flex wp-container-core-columns-is-layout-713970fd wp-block-columns-is-layout-flex\">\n<div class=\"wp-block-column has-global-padding is-layout-constrained wp-container-core-column-is-layout-c6e25a76 wp-block-column-is-layout-constrained\" style=\"border-right-color:#7b90bd;border-right-width:2px;padding-right:1rem;padding-left:1rem\">\n<h6 class=\"wp-block-heading has-text-align-center has-text-color\" style=\"color:#07277c;margin-bottom:0.51rem;font-size:clamp(1.517rem, 1.517rem + ((1vw - 0.2rem) * 1.842), 2.53rem);font-style:normal;font-weight:600;line-height:1.3;text-transform:capitalize\">15 min<\/h6>\n\n\n\n<p class=\"has-text-align-center has-text-color\" style=\"color:#212121;margin-top:0px;margin-bottom:1.77rem;font-size:clamp(0.875rem, 0.875rem + ((1vw - 0.2rem) * 0.064), 0.91rem);font-style:normal;font-weight:500;line-height:1.5\">Szybka wycena Twojego auta w 15 minut!<\/p>\n<\/div>\n\n\n\n<div class=\"wp-block-column has-global-padding is-layout-constrained wp-container-core-column-is-layout-c6e25a76 wp-block-column-is-layout-constrained\" style=\"border-right-color:#7b90bd;border-right-width:2px;padding-right:1rem;padding-left:1rem\">\n<h6 class=\"wp-block-heading has-text-align-center has-text-color\" style=\"color:#07277c;margin-bottom:0.51rem;font-size:clamp(1.517rem, 1.517rem + ((1vw - 0.2rem) * 1.842), 2.53rem);font-style:normal;font-weight:600;line-height:1.3;text-transform:capitalize\">20 lat<\/h6>\n\n\n\n<p class=\"has-text-align-center has-text-color\" style=\"color:#212121;margin-top:0px;margin-bottom:1.77rem;font-size:clamp(0.875rem, 0.875rem + ((1vw - 0.2rem) * 0.064), 0.91rem);font-style:normal;font-weight:500;line-height:1.5\">dwadzie\u015bcia lat do\u015bwiadczenia w skupie aut!<\/p>\n<\/div>\n\n\n\n<div class=\"wp-block-column has-global-padding is-layout-constrained wp-container-core-column-is-layout-c6e25a76 wp-block-column-is-layout-constrained\" style=\"padding-right:1rem;padding-left:1rem\">\n<h6 class=\"wp-block-heading has-text-align-center has-text-color\" style=\"color:#07277c;margin-bottom:0.51rem;font-size:clamp(1.517rem, 1.517rem + ((1vw - 0.2rem) * 1.842), 2.53rem);font-style:normal;font-weight:600;line-height:1.3;text-transform:capitalize\">24\/7<\/h6>\n\n\n\n<p class=\"has-text-align-center has-text-color\" style=\"color:#212121;margin-top:0px;margin-bottom:1.77rem;font-size:clamp(0.875rem, 0.875rem + ((1vw - 0.2rem) * 0.064), 0.91rem);font-style:normal;font-weight:500;line-height:1.5\">Dost\u0119pni 24 godziny na dob\u0119, 7 dni w tygodniu!<\/p>\n<\/div>\n<\/div>\n<\/div>\n<\/section>\n\n\n\n<div class=\"wp-block-group alignfull has-global-padding is-layout-constrained wp-container-core-group-is-layout-1257c590 wp-block-group-is-layout-constrained\" style=\"margin-top:0;margin-bottom:0;padding-top:5.51rem;padding-right:1rem;padding-bottom:3rem;padding-left:1rem\">\n<div class=\"wp-block-group alignwide has-global-padding is-layout-constrained wp-block-group-is-layout-constrained\" style=\"padding-bottom:1rem\">\n<h2 class=\"wp-block-heading has-text-align-center has-text-color\" style=\"color:#07277c;font-size:clamp(1.556rem, 1.556rem + ((1vw - 0.2rem) * 1.916), 2.61rem);font-style:normal;font-weight:600;line-height:1.5;text-transform:capitalize\">Nasze us\u0142ugi<\/h2>\n<\/div>\n\n\n\n<div class=\"wp-block-group alignwide has-global-padding is-layout-constrained wp-container-core-group-is-layout-1cf432e6 wp-block-group-is-layout-constrained\" style=\"margin-top:1.01rem\">\n<div class=\"wp-block-columns alignwide is-layout-flex wp-container-core-columns-is-layout-85231905 wp-block-columns-is-layout-flex\">\n<div class=\"wp-block-column has-global-padding is-content-justification-center is-layout-constrained wp-container-core-column-is-layout-412b4476 wp-block-column-is-layout-constrained\" style=\"padding-bottom:2rem\">\n<div class=\"wp-block-group has-global-padding is-layout-constrained wp-container-core-group-is-layout-668d2085 wp-block-group-is-layout-constrained\">\n<figure class=\"wp-block-image aligncenter size-full has-custom-border is-style-default\" style=\"margin-top:0;margin-bottom:0\"><img loading=\"lazy\" decoding=\"async\" width=\"853\" height=\"1280\" src=\"https:\/\/autogdynia.pl\/wp-content\/uploads\/2025\/07\/photo_5194947697281466135_y.jpg\" alt=\"\" class=\"wp-image-41\" style=\"border-style:none;border-width:0px;border-radius:30px\" srcset=\"https:\/\/autogdynia.pl\/wp-content\/uploads\/2025\/07\/photo_5194947697281466135_y.jpg 853w, https:\/\/autogdynia.pl\/wp-content\/uploads\/2025\/07\/photo_5194947697281466135_y-200x300.jpg 200w, https:\/\/autogdynia.pl\/wp-content\/uploads\/2025\/07\/photo_5194947697281466135_y-682x1024.jpg 682w, https:\/\/autogdynia.pl\/wp-content\/uploads\/2025\/07\/photo_5194947697281466135_y-768x1152.jpg 768w\" sizes=\"auto, (max-width: 853px) 100vw, 853px\" \/><\/figure>\n\n\n\n<h5 class=\"wp-block-heading has-text-align-center has-text-color\" style=\"color:#07277c;font-size:clamp(1.044rem, 1.044rem + ((1vw - 0.2rem) * 1.029), 1.61rem);font-style:normal;font-weight:600;line-height:1.4;text-transform:capitalize\">Skup aut<\/h5>\n<\/div>\n\n\n\n<div class=\"wp-block-group has-global-padding is-layout-constrained wp-container-core-group-is-layout-4f9f0532 wp-block-group-is-layout-constrained\">\n<p class=\"has-text-align-center has-text-color\" style=\"color:#252525;margin-top:0rem;font-size:clamp(0.875rem, 0.875rem + ((1vw - 0.2rem) * 0.064), 0.91rem);font-style:normal;font-weight:400;line-height:1.5\">Kupujemy samochody w ka\u017cdym stanie!<br>P\u0142atno\u015b\u0107 przy odbiorze i szybka transakcja.<br>Zadzwo\u0144 i sprzedaj ju\u017c dzi\u015b!<\/p>\n\n\n\n<p class=\"has-text-align-center has-text-color\" style=\"color:#252525;margin-top:0rem;font-size:clamp(0.875rem, 0.875rem + ((1vw - 0.2rem) * 0.064), 0.91rem);font-style:normal;font-weight:400;line-height:1.5\"><\/p>\n<\/div>\n<\/div>\n\n\n\n<div class=\"wp-block-column has-global-padding is-layout-constrained wp-container-core-column-is-layout-a3af4fe5 wp-block-column-is-layout-constrained\" style=\"padding-bottom:2rem\">\n<div class=\"wp-block-group has-global-padding is-layout-constrained wp-container-core-group-is-layout-668d2085 wp-block-group-is-layout-constrained\">\n<figure class=\"wp-block-image aligncenter size-full has-custom-border\"><img loading=\"lazy\" decoding=\"async\" width=\"853\" height=\"1280\" src=\"https:\/\/autogdynia.pl\/wp-content\/uploads\/2025\/07\/photo_5194947697281466054_y-2.jpg\" alt=\"\" class=\"wp-image-47\" style=\"border-radius:30px\" srcset=\"https:\/\/autogdynia.pl\/wp-content\/uploads\/2025\/07\/photo_5194947697281466054_y-2.jpg 853w, https:\/\/autogdynia.pl\/wp-content\/uploads\/2025\/07\/photo_5194947697281466054_y-2-200x300.jpg 200w, https:\/\/autogdynia.pl\/wp-content\/uploads\/2025\/07\/photo_5194947697281466054_y-2-682x1024.jpg 682w, https:\/\/autogdynia.pl\/wp-content\/uploads\/2025\/07\/photo_5194947697281466054_y-2-768x1152.jpg 768w\" sizes=\"auto, (max-width: 853px) 100vw, 853px\" \/><\/figure>\n\n\n\n<h5 class=\"wp-block-heading has-text-align-center has-text-color\" style=\"color:#07277c;font-size:clamp(1.044rem, 1.044rem + ((1vw - 0.2rem) * 1.029), 1.61rem);font-style:normal;font-weight:600;line-height:1.4;text-transform:capitalize\">ewakuacja samochodu<\/h5>\n<\/div>\n\n\n\n<div class=\"wp-block-group has-global-padding is-layout-constrained wp-container-core-group-is-layout-4f9f0532 wp-block-group-is-layout-constrained\">\n<p class=\"has-text-align-center has-text-color\" style=\"color:#252525;margin-top:0rem;font-size:clamp(0.875rem, 0.875rem + ((1vw - 0.2rem) * 0.064), 0.91rem);font-style:normal;font-weight:400;line-height:1.5\">Oferujemy szybki transport Twojego auta. Zadzwo\u0144, a my przyjedziemy w ka\u017cdej sytuacji!<\/p>\n<\/div>\n<\/div>\n\n\n\n<div class=\"wp-block-column has-global-padding is-content-justification-center is-layout-constrained wp-container-core-column-is-layout-412b4476 wp-block-column-is-layout-constrained\" style=\"padding-bottom:2rem\">\n<div class=\"wp-block-group has-global-padding is-layout-constrained wp-container-core-group-is-layout-668d2085 wp-block-group-is-layout-constrained\">\n<figure class=\"wp-block-image aligncenter size-full has-custom-border\"><img loading=\"lazy\" decoding=\"async\" width=\"853\" height=\"1280\" src=\"https:\/\/autogdynia.pl\/wp-content\/uploads\/2025\/07\/photo_5194947697281466108_y.jpg\" alt=\"\" class=\"wp-image-39\" style=\"border-radius:30px\" srcset=\"https:\/\/autogdynia.pl\/wp-content\/uploads\/2025\/07\/photo_5194947697281466108_y.jpg 853w, https:\/\/autogdynia.pl\/wp-content\/uploads\/2025\/07\/photo_5194947697281466108_y-200x300.jpg 200w, https:\/\/autogdynia.pl\/wp-content\/uploads\/2025\/07\/photo_5194947697281466108_y-682x1024.jpg 682w, https:\/\/autogdynia.pl\/wp-content\/uploads\/2025\/07\/photo_5194947697281466108_y-768x1152.jpg 768w\" sizes=\"auto, (max-width: 853px) 100vw, 853px\" \/><\/figure>\n\n\n\n<h5 class=\"wp-block-heading has-text-align-center has-text-color\" style=\"color:#07277c;font-size:clamp(1.044rem, 1.044rem + ((1vw - 0.2rem) * 1.029), 1.61rem);font-style:normal;font-weight:600;line-height:1.4;text-transform:capitalize\">Naprawa aut<\/h5>\n<\/div>\n\n\n\n<div class=\"wp-block-group has-global-padding is-layout-constrained wp-container-core-group-is-layout-4f9f0532 wp-block-group-is-layout-constrained\">\n<p class=\"has-text-align-center has-text-color\" style=\"color:#252525;margin-top:0rem;font-size:clamp(0.875rem, 0.875rem + ((1vw - 0.2rem) * 0.064), 0.91rem);font-style:normal;font-weight:400;line-height:1.5\">Profesjonalna naprawa aut w Gdyni. Zaufaj nam i przywr\u00f3\u0107 swoje auto do \u017cycia!<\/p>\n<\/div>\n<\/div>\n<\/div>\n<\/div>\n<\/div>\n\n\n\n<section class=\"wp-block-group alignfull has-text-color has-background has-global-padding is-layout-constrained wp-container-core-group-is-layout-38ad39fd wp-block-group-is-layout-constrained\" style=\"color:#03081e;background-color:#eff9ff;margin-top:0px;padding-top:5.01rem;padding-right:1rem;padding-bottom:5.5rem;padding-left:1rem;font-size:clamp(0.875rem, 0.875rem + ((1vw - 0.2rem) * 0.464), 1.13rem);font-style:normal;font-weight:400;line-height:1.4\">\n<div class=\"wp-block-columns is-layout-flex wp-container-core-columns-is-layout-db2df21c wp-block-columns-is-layout-flex\" style=\"margin-bottom:0px\">\n<div class=\"wp-block-column has-global-padding is-content-justification-left is-layout-constrained wp-container-core-column-is-layout-12dd3699 wp-block-column-is-layout-constrained\" style=\"flex-basis:45%\">\n<figure class=\"wp-block-image aligncenter size-full is-resized has-custom-border\"><img loading=\"lazy\" decoding=\"async\" width=\"1707\" height=\"2560\" src=\"https:\/\/autogdynia.pl\/wp-content\/uploads\/2025\/07\/erik-mclean-3uHlGFnzPDU-unsplash-scaled.jpg\" alt=\"\" class=\"wp-image-46\" style=\"border-radius:30px;width:331px;height:auto\" srcset=\"https:\/\/autogdynia.pl\/wp-content\/uploads\/2025\/07\/erik-mclean-3uHlGFnzPDU-unsplash-scaled.jpg 1707w, https:\/\/autogdynia.pl\/wp-content\/uploads\/2025\/07\/erik-mclean-3uHlGFnzPDU-unsplash-200x300.jpg 200w, https:\/\/autogdynia.pl\/wp-content\/uploads\/2025\/07\/erik-mclean-3uHlGFnzPDU-unsplash-683x1024.jpg 683w, https:\/\/autogdynia.pl\/wp-content\/uploads\/2025\/07\/erik-mclean-3uHlGFnzPDU-unsplash-768x1152.jpg 768w, https:\/\/autogdynia.pl\/wp-content\/uploads\/2025\/07\/erik-mclean-3uHlGFnzPDU-unsplash-1024x1536.jpg 1024w, https:\/\/autogdynia.pl\/wp-content\/uploads\/2025\/07\/erik-mclean-3uHlGFnzPDU-unsplash-1365x2048.jpg 1365w\" sizes=\"auto, (max-width: 1707px) 100vw, 1707px\" \/><\/figure>\n<\/div>\n\n\n\n<div class=\"wp-block-column is-layout-flow wp-block-column-is-layout-flow\">\n<div class=\"wp-block-group is-vertical is-content-justification-left is-layout-flex wp-container-core-group-is-layout-c5d44cae wp-block-group-is-layout-flex\" style=\"min-height:100%\">\n<div class=\"wp-block-group has-global-padding is-content-justification-center is-layout-constrained wp-container-core-group-is-layout-b15c80d6 wp-block-group-is-layout-constrained\">\n<h3 class=\"wp-block-heading has-text-align-left has-text-color\" style=\"color:#07277c;margin-top:0.5rem;margin-bottom:1.01rem;font-size:clamp(1.556rem, 1.556rem + ((1vw - 0.2rem) * 1.916), 2.61rem);font-style:normal;font-weight:500;letter-spacing:0px;line-height:1.3;text-transform:capitalize\">O nas i warto\u015bci<\/h3>\n\n\n\n<p class=\"has-text-align-left has-text-color\" style=\"color:#03081e;margin-top:0rem;font-size:clamp(0.875rem, 0.875rem + ((1vw - 0.2rem) * 0.609), 1.21rem);font-style:normal;font-weight:400;line-height:1.6\">Jeste\u015bmy zespo\u0142em pasjonat\u00f3w, kt\u00f3rzy od lat zajmuj\u0105 si\u0119 skupem aut i napraw\u0105 pojazd\u00f3w. Nasz\u0105 misj\u0105 jest zapewnienie klientom szybkiej, uczciwej i profesjonalnej obs\u0142ugi. Zawsze stawiamy na jako\u015b\u0107 i zaufanie. Dzia\u0142amy 24\/7, bo wiemy, \u017ce ka\u017cda chwila jest wa\u017cna. Wybierz nas, a przekonasz si\u0119, \u017ce warto!<\/p>\n\n\n\n<div class=\"wp-block-group has-global-padding is-content-justification-left is-layout-constrained wp-container-core-group-is-layout-30c9064c wp-block-group-is-layout-constrained\" style=\"margin-top:0px\">\n<div class=\"wp-block-buttons is-horizontal is-content-justification-left is-layout-flex wp-container-core-buttons-is-layout-50dd055c wp-block-buttons-is-layout-flex\" style=\"margin-top:2.51rem\">\n<div class=\"wp-block-button has-custom-width wp-block-button__width-100 is-style-fill\"><a class=\"wp-block-button__link has-text-color has-background has-border-color has-custom-font-size wp-element-button\" href=\"https:\/\/autogdynia.pl\/?page_id=24\" style=\"border-color:#041d55;border-style:solid;border-width:1px;border-radius:2.5rem;color:#07277c;background-color:#ffffff;padding-top:1.1rem;padding-right:0.81rem;padding-bottom:1.1rem;padding-left:0.81rem;font-size:clamp(0.875rem, 0.875rem + ((1vw - 0.2rem) * 0.609), 1.21rem);font-style:normal;font-weight:400;line-height:1;text-transform:capitalize\">Zr\u00f3b to teraz<\/a><\/div>\n<\/div>\n<\/div>\n<\/div>\n<\/div>\n<\/div>\n<\/div>\n<\/section>\n\n\n\n<section class=\"wp-block-group alignfull has-text-color has-global-padding is-layout-constrained wp-container-core-group-is-layout-5e70687f wp-block-group-is-layout-constrained\" style=\"color:#3e3e3e;margin-top:0rem;padding-right:1rem;padding-left:1rem;font-size:clamp(0.875rem, 0.875rem + ((1vw - 0.2rem) * 0.464), 1.13rem);font-style:normal;font-weight:400;line-height:1.5\">\n<div class=\"wp-block-group has-global-padding is-layout-constrained wp-container-core-group-is-layout-a2b288bf wp-block-group-is-layout-constrained\" style=\"padding-top:7.01rem;padding-bottom:7.01rem\">\n<h2 class=\"wp-block-heading has-text-align-center has-text-color\" style=\"color:#07277c;margin-bottom:3.01rem;font-size:clamp(1.605rem, 1.605rem + ((1vw - 0.2rem) * 2.009), 2.71rem);font-style:normal;font-weight:500;line-height:1.3;text-transform:capitalize\">Opinie<\/h2>\n\n\n\n<div class=\"wp-block-columns is-layout-flex wp-container-core-columns-is-layout-85231905 wp-block-columns-is-layout-flex\">\n<div class=\"wp-block-column has-global-padding is-layout-constrained wp-container-core-column-is-layout-29cfd2c5 wp-block-column-is-layout-constrained\">\n<div class=\"wp-block-group is-vertical is-content-justification-center is-layout-flex wp-container-core-group-is-layout-4044f25c wp-block-group-is-layout-flex\" style=\"min-height:177px\">\n<h6 class=\"wp-block-heading has-text-align-center has-text-color\" style=\"color:#212121;margin-bottom:2rem;font-size:clamp(0.875rem, 0.875rem + ((1vw - 0.2rem) * 0.682), 1.25rem);font-style:normal;font-weight:400;line-height:1.55;text-transform:none\">\u015awietna obs\u0142uga! Szybka wycena i got\u00f3wka od r\u0119ki. Polecam ka\u017cdemu, kto chce sprzeda\u0107 auto!<\/h6>\n\n\n\n<p class=\"has-text-align-center has-text-color has-link-color wp-elements-617aae097233931c86046eb3808027d1\" style=\"color:#161616;margin-top:0px;font-size:0.85rem;font-style:normal;font-weight:500;line-height:1.5;text-transform:uppercase\">Marta K.<\/p>\n<\/div>\n<\/div>\n\n\n\n<div class=\"wp-block-column has-global-padding is-layout-constrained wp-container-core-column-is-layout-29cfd2c5 wp-block-column-is-layout-constrained\">\n<div class=\"wp-block-group is-vertical is-content-justification-center is-layout-flex wp-container-core-group-is-layout-2fb0886f wp-block-group-is-layout-flex\" style=\"min-height:177px\">\n<h6 class=\"wp-block-heading has-text-align-center has-text-color\" style=\"color:#212121;margin-bottom:2rem;font-size:clamp(0.875rem, 0.875rem + ((1vw - 0.2rem) * 0.682), 1.25rem);font-style:normal;font-weight:400;line-height:1.55;text-transform:none\">Bardzo profesjonalna ekipa! Ewakuacja mojego auta by\u0142a szybka i bezproblemowa. Z pewno\u015bci\u0105 skorzystam ponownie!<\/h6>\n\n\n\n<p class=\"has-text-align-center has-text-color has-link-color wp-elements-291ad42fbd6f8d097986e4f7416f65e7\" style=\"color:#161616;margin-top:0px;font-size:0.85rem;font-style:normal;font-weight:500;line-height:1.5;text-transform:uppercase\">Tomasz P.<\/p>\n<\/div>\n<\/div>\n\n\n\n<div class=\"wp-block-column has-global-padding is-layout-constrained wp-container-core-column-is-layout-29cfd2c5 wp-block-column-is-layout-constrained\">\n<div class=\"wp-block-group is-vertical is-content-justification-center is-layout-flex wp-container-core-group-is-layout-2fb0886f wp-block-group-is-layout-flex\" style=\"min-height:177px\">\n<h6 class=\"wp-block-heading has-text-align-center has-text-color\" style=\"color:#212121;margin-bottom:2rem;font-size:clamp(0.875rem, 0.875rem + ((1vw - 0.2rem) * 0.682), 1.25rem);font-style:normal;font-weight:400;line-height:1.55;text-transform:none\">Naprawa mojego auta by\u0142a b\u0142yskawiczna! Dzi\u0119kuj\u0119 za \u015bwietn\u0105 obs\u0142ug\u0119 i przywr\u00f3cenie mojego samochodu do \u017cycia!<\/h6>\n\n\n\n<p class=\"has-text-align-center has-text-color has-link-color wp-elements-317e79a8df00014e9287acf2943acb97\" style=\"color:#161616;margin-top:0px;font-size:0.85rem;font-style:normal;font-weight:500;line-height:1.5;text-transform:uppercase\">Kasia R.<\/p>\n<\/div>\n<\/div>\n<\/div>\n<\/div>\n<\/section>\n\n\n\n<section class=\"wp-block-cover alignfull is-light\" style=\"margin-top:0px;padding-bottom:12.51rem;min-height:100vh;aspect-ratio:unset;\"><img loading=\"lazy\" decoding=\"async\" width=\"683\" height=\"1024\" class=\"wp-block-cover__image-background wp-image-49 size-large\" alt=\"\" src=\"https:\/\/autogdynia.pl\/wp-content\/uploads\/2025\/07\/erik-mclean-3uHlGFnzPDU-unsplash-1-683x1024.jpg\" style=\"object-position:79% 64%\" data-object-fit=\"cover\" data-object-position=\"79% 64%\" srcset=\"https:\/\/autogdynia.pl\/wp-content\/uploads\/2025\/07\/erik-mclean-3uHlGFnzPDU-unsplash-1-683x1024.jpg 683w, https:\/\/autogdynia.pl\/wp-content\/uploads\/2025\/07\/erik-mclean-3uHlGFnzPDU-unsplash-1-200x300.jpg 200w, https:\/\/autogdynia.pl\/wp-content\/uploads\/2025\/07\/erik-mclean-3uHlGFnzPDU-unsplash-1-768x1152.jpg 768w, https:\/\/autogdynia.pl\/wp-content\/uploads\/2025\/07\/erik-mclean-3uHlGFnzPDU-unsplash-1-1024x1536.jpg 1024w, https:\/\/autogdynia.pl\/wp-content\/uploads\/2025\/07\/erik-mclean-3uHlGFnzPDU-unsplash-1-1365x2048.jpg 1365w, https:\/\/autogdynia.pl\/wp-content\/uploads\/2025\/07\/erik-mclean-3uHlGFnzPDU-unsplash-1-scaled.jpg 1707w\" sizes=\"auto, (max-width: 683px) 100vw, 683px\" \/><span aria-hidden=\"true\" class=\"wp-block-cover__background has-background-dim-0 has-background-dim has-background-gradient\" style=\"background:linear-gradient(135deg,rgb(6,147,227) 0%,rgb(233,215,215) 25%,rgb(155,81,224) 100%)\"><\/span><div class=\"wp-block-cover__inner-container has-global-padding is-layout-constrained wp-container-core-cover-is-layout-19e6744e wp-block-cover-is-layout-constrained\">\n<div class=\"wp-block-group alignfull has-text-color has-global-padding is-layout-constrained wp-container-core-group-is-layout-6f61d7e7 wp-block-group-is-layout-constrained\" style=\"color:#252525;margin-top:0px;padding-top:0rem;padding-right:1rem;padding-bottom:0rem;padding-left:1rem;font-size:clamp(0.875rem, 0.875rem + ((1vw - 0.2rem) * 0.464), 1.13rem);font-style:normal;font-weight:400;line-height:1.4\">\n<div class=\"wp-block-group is-vertical is-content-justification-center is-layout-flex wp-container-core-group-is-layout-b6c1f246 wp-block-group-is-layout-flex\">\n<div class=\"wp-block-group has-global-padding is-layout-constrained wp-container-core-group-is-layout-a099c240 wp-block-group-is-layout-constrained\">\n<h2 class=\"wp-block-heading has-text-align-center has-text-color\" style=\"color:#07277c;margin-bottom:1.11rem;font-size:clamp(1.556rem, 1.556rem + ((1vw - 0.2rem) * 1.916), 2.61rem);font-style:normal;font-weight:500;line-height:1.2;text-transform:capitalize\"><strong>Skontaktuj si\u0119<\/strong><\/h2>\n\n\n\n<p class=\"has-text-align-center has-text-color\" style=\"color:#ffffff;margin-top:0rem;font-size:clamp(0.875rem, 0.875rem + ((1vw - 0.2rem) * 0.427), 1.11rem);font-style:normal;font-weight:400;line-height:1.6\"><strong>Masz pytania? Skontaktuj si\u0119 z nami! Jeste\u015bmy tu, aby pom\u00f3c Ci w ka\u017cdej sytuacji!<\/strong><\/p>\n\n\n\n<div class=\"wp-block-group is-vertical is-content-justification-stretch is-layout-flex wp-container-core-group-is-layout-be82aac6 wp-block-group-is-layout-flex\" style=\"margin-top:0rem;padding-right:0px;padding-left:0px\">\n<div class=\"wp-block-group has-global-padding is-content-justification-left is-layout-constrained wp-container-core-group-is-layout-30c9064c wp-block-group-is-layout-constrained\" style=\"margin-top:0px\">\n<div class=\"wp-block-buttons is-horizontal is-content-justification-right is-layout-flex wp-container-core-buttons-is-layout-1b0e492f wp-block-buttons-is-layout-flex\" style=\"margin-top:2.21rem\">\n<div class=\"wp-block-button has-custom-width wp-block-button__width-100 is-style-fill\"><a class=\"wp-block-button__link has-text-color has-background has-border-color has-custom-font-size wp-element-button\" href=\"https:\/\/autogdynia.pl\/?page_id=24\" style=\"border-color:#041d55;border-style:solid;border-width:1px;border-radius:2.5rem;color:#07277c;background-color:#ffffff;padding-top:1.1rem;padding-right:0.81rem;padding-bottom:1.1rem;padding-left:0.81rem;font-size:clamp(0.875rem, 0.875rem + ((1vw - 0.2rem) * 0.609), 1.21rem);font-style:normal;font-weight:400;line-height:1;text-transform:capitalize\">Zadzwo\u0144 teraz!<\/a><\/div>\n<\/div>\n<\/div>\n<\/div>\n<\/div>\n<\/div>\n<\/div>\n<\/div><\/section>\n","protected":false},"excerpt":{"rendered":"<p>15 min Szybka wycena Twojego auta w 15 minut! 20 lat dwadzie\u015bcia lat do\u015bwiadczenia w skupie aut! 24\/7 Dost\u0119pni 24 godziny na dob\u0119, 7 dni w tygodniu! Nasze us\u0142ugi Skup aut Kupujemy samochody w ka\u017cdym stanie!P\u0142atno\u015b\u0107 przy odbiorze i szybka transakcja.Zadzwo\u0144 i sprzedaj ju\u017c dzi\u015b! ewakuacja samochodu Oferujemy szybki transport Twojego auta. Zadzwo\u0144, a my [&hellip;]<\/p>\n","protected":false},"author":1,"featured_media":0,"parent":0,"menu_order":0,"comment_status":"closed","ping_status":"closed","template":"","meta":{"footnotes":""},"class_list":["post-20","page","type-page","status-publish","hentry"],"_links":{"self":[{"href":"https:\/\/autogdynia.pl\/index.php?rest_route=\/wp\/v2\/pages\/20","targetHints":{"allow":["GET"]}}],"collection":[{"href":"https:\/\/autogdynia.pl\/index.php?rest_route=\/wp\/v2\/pages"}],"about":[{"href":"https:\/\/autogdynia.pl\/index.php?rest_route=\/wp\/v2\/types\/page"}],"author":[{"embeddable":true,"href":"https:\/\/autogdynia.pl\/index.php?rest_route=\/wp\/v2\/users\/1"}],"replies":[{"embeddable":true,"href":"https:\/\/autogdynia.pl\/index.php?rest_route=%2Fwp%2Fv2%2Fcomments&post=20"}],"version-history":[{"count":37,"href":"https:\/\/autogdynia.pl\/index.php?rest_route=\/wp\/v2\/pages\/20\/revisions"}],"predecessor-version":[{"id":206,"href":"https:\/\/autogdynia.pl\/index.php?rest_route=\/wp\/v2\/pages\/20\/revisions\/206"}],"wp:attachment":[{"href":"https:\/\/autogdynia.pl\/index.php?rest_route=%2Fwp%2Fv2%2Fmedia&parent=20"}],"curies":[{"name":"wp","href":"https:\/\/api.w.org\/{rel}","templated":true}]}}