{"id":22,"date":"2025-07-26T16:10:24","date_gmt":"2025-07-26T14:10:24","guid":{"rendered":"https:\/\/autogdynia.pl\/?page_id=22"},"modified":"2025-08-05T18:37:57","modified_gmt":"2025-08-05T16:37:57","slug":"uslugi","status":"publish","type":"page","link":"https:\/\/autogdynia.pl\/?page_id=22","title":{"rendered":"us\u0142ugi\u00a0"},"content":{"rendered":"\n<div class=\"wp-block-cover alignfull\" style=\"padding-top:2%;min-height:800px;aspect-ratio:unset;\"><img loading=\"lazy\" decoding=\"async\" width=\"1536\" height=\"1024\" class=\"wp-block-cover__image-background wp-image-107 size-full\" alt=\"\" src=\"https:\/\/autogdynia.pl\/wp-content\/uploads\/2025\/08\/ChatGPT-Image-5-\u0441\u0435\u0440\u043f.-2025-\u0440.-15_11_50.png\" data-object-fit=\"cover\" srcset=\"https:\/\/autogdynia.pl\/wp-content\/uploads\/2025\/08\/ChatGPT-Image-5-\u0441\u0435\u0440\u043f.-2025-\u0440.-15_11_50.png 1536w, https:\/\/autogdynia.pl\/wp-content\/uploads\/2025\/08\/ChatGPT-Image-5-\u0441\u0435\u0440\u043f.-2025-\u0440.-15_11_50-300x200.png 300w, https:\/\/autogdynia.pl\/wp-content\/uploads\/2025\/08\/ChatGPT-Image-5-\u0441\u0435\u0440\u043f.-2025-\u0440.-15_11_50-1024x683.png 1024w, https:\/\/autogdynia.pl\/wp-content\/uploads\/2025\/08\/ChatGPT-Image-5-\u0441\u0435\u0440\u043f.-2025-\u0440.-15_11_50-768x512.png 768w\" sizes=\"auto, (max-width: 1536px) 100vw, 1536px\" \/><span aria-hidden=\"true\" class=\"wp-block-cover__background has-background-dim-0 has-background-dim\" style=\"background-color:#555353\"><\/span><div class=\"wp-block-cover__inner-container has-global-padding is-layout-constrained wp-container-core-cover-is-layout-ee51f2d2 wp-block-cover-is-layout-constrained\">\n<div class=\"wp-block-group alignwide is-vertical is-content-justification-center is-layout-flex wp-container-core-group-is-layout-5e763914 wp-block-group-is-layout-flex\" style=\"min-height:8rem\">\n<div class=\"wp-block-group has-global-padding is-layout-constrained wp-container-core-group-is-layout-bea02a06 wp-block-group-is-layout-constrained\">\n<h2 class=\"wp-block-heading has-text-align-center\" style=\"margin-top:0rem;margin-bottom:1.01rem;font-size:clamp(2.071rem, 2.071rem + ((1vw - 0.2rem) * 2.98), 3.71rem);font-style:normal;font-weight:400;line-height:1;text-transform:uppercase\"><strong>us\u0142ugi&nbsp;<\/strong><\/h2>\n<\/div>\n<\/div>\n<\/div><\/div>\n\n\n\n<section class=\"wp-block-group alignfull has-text-color has-global-padding is-layout-constrained wp-container-core-group-is-layout-4252d6ba wp-block-group-is-layout-constrained\" style=\"color:#03081e;margin-top:0px;padding-top:6.51rem;padding-right:1rem;padding-bottom:5.5rem;padding-left:1rem;font-size:clamp(0.875rem, 0.875rem + ((1vw - 0.2rem) * 0.464), 1.13rem);font-style:normal;font-weight:400;line-height:1.4\">\n<div class=\"wp-block-columns is-layout-flex wp-container-core-columns-is-layout-db2df21c wp-block-columns-is-layout-flex\" style=\"margin-bottom:0px\">\n<div class=\"wp-block-column has-global-padding is-content-justification-left is-layout-constrained wp-container-core-column-is-layout-12dd3699 wp-block-column-is-layout-constrained\" style=\"flex-basis:50%\">\n<figure class=\"wp-block-image aligncenter size-full is-resized\"><img loading=\"lazy\" decoding=\"async\" width=\"853\" height=\"1280\" src=\"https:\/\/autogdynia.pl\/wp-content\/uploads\/2025\/08\/skup-aut.jpg\" alt=\"\" class=\"wp-image-119\" style=\"width:520px\" srcset=\"https:\/\/autogdynia.pl\/wp-content\/uploads\/2025\/08\/skup-aut.jpg 853w, https:\/\/autogdynia.pl\/wp-content\/uploads\/2025\/08\/skup-aut-200x300.jpg 200w, https:\/\/autogdynia.pl\/wp-content\/uploads\/2025\/08\/skup-aut-682x1024.jpg 682w, https:\/\/autogdynia.pl\/wp-content\/uploads\/2025\/08\/skup-aut-768x1152.jpg 768w\" sizes=\"auto, (max-width: 853px) 100vw, 853px\" \/><\/figure>\n<\/div>\n\n\n\n<div class=\"wp-block-column is-layout-flow wp-block-column-is-layout-flow\">\n<div class=\"wp-block-group is-vertical is-content-justification-left is-layout-flex wp-container-core-group-is-layout-c5d44cae wp-block-group-is-layout-flex\" style=\"min-height:100%\">\n<div class=\"wp-block-group has-global-padding is-content-justification-center is-layout-constrained wp-container-core-group-is-layout-b15c80d6 wp-block-group-is-layout-constrained\">\n<h3 class=\"wp-block-heading has-text-align-left has-text-color\" style=\"color:#07277c;margin-top:0.5rem;margin-bottom:1.01rem;font-size:clamp(1.044rem, 1.044rem + ((1vw - 0.2rem) * 1.029), 1.61rem);font-style:normal;font-weight:500;letter-spacing:0px;line-height:1.3;text-transform:capitalize\">Skup Aut<\/h3>\n\n\n\n<p class=\"has-text-align-left has-text-color\" style=\"color:#03081e;margin-top:0rem;font-size:clamp(0.875rem, 0.875rem + ((1vw - 0.2rem) * 0.245), 1.01rem);font-style:normal;font-weight:400;line-height:1.6\">Oferujemy skup aut w ka\u017cdym stanie \u2014 nawet tych uszkodzonych! Nasz zesp\u00f3\u0142 szybko oceni warto\u015b\u0107 Twojego pojazdu. Got\u00f3wka od r\u0119ki to nasza specjalno\u015b\u0107! Dzi\u0119ki nam nie musisz si\u0119 martwi\u0107 o transport. Skontaktuj si\u0119 z nami, a my zajmiemy si\u0119 wszystkim. <br>Zadzwo\u0144: +48 531 218 642!<\/p>\n<\/div>\n<\/div>\n<\/div>\n<\/div>\n<\/section>\n\n\n\n<section class=\"wp-block-group alignfull has-text-color has-global-padding is-layout-constrained wp-container-core-group-is-layout-b691706e wp-block-group-is-layout-constrained\" style=\"color:#03081e;margin-top:0px;padding-top:4.01rem;padding-right:1rem;padding-bottom:5.5rem;padding-left:1rem;font-size:clamp(0.875rem, 0.875rem + ((1vw - 0.2rem) * 0.464), 1.13rem);font-style:normal;font-weight:400;line-height:1.4\">\n<div class=\"wp-block-columns is-layout-flex wp-container-core-columns-is-layout-db2df21c wp-block-columns-is-layout-flex\" style=\"margin-bottom:0px\">\n<div class=\"wp-block-column is-layout-flow wp-block-column-is-layout-flow\">\n<div class=\"wp-block-group is-vertical is-content-justification-left is-layout-flex wp-container-core-group-is-layout-c5d44cae wp-block-group-is-layout-flex\" style=\"min-height:100%\">\n<div class=\"wp-block-group has-global-padding is-content-justification-center is-layout-constrained wp-container-core-group-is-layout-b15c80d6 wp-block-group-is-layout-constrained\">\n<h3 class=\"wp-block-heading has-text-align-left has-text-color\" style=\"color:#07277c;margin-top:0.5rem;margin-bottom:1.01rem;font-size:clamp(1.044rem, 1.044rem + ((1vw - 0.2rem) * 1.029), 1.61rem);font-style:normal;font-weight:500;letter-spacing:0px;line-height:1.3;text-transform:capitalize\">Naprawa Samochod\u00f3w<\/h3>\n\n\n\n<p class=\"has-text-align-left has-text-color\" style=\"color:#03081e;margin-top:0rem;font-size:clamp(0.875rem, 0.875rem + ((1vw - 0.2rem) * 0.245), 1.01rem);font-style:normal;font-weight:400;line-height:1.6\">Nasza naprawa samochod\u00f3w to gwarancja jako\u015bci! Zesp\u00f3\u0142 do\u015bwiadczonych mechanik\u00f3w zajmie si\u0119 Twoim pojazdem w ka\u017cdej sytuacji. Oferujemy szybkie i skuteczne us\u0142ugi, aby Tw\u00f3j samoch\u00f3d wr\u00f3ci\u0142 na drog\u0119 jak najszybciej. Zaufaj nam i skontaktuj si\u0119! <br>Zadzwo\u0144: +48 531 218 642!<\/p>\n<\/div>\n<\/div>\n<\/div>\n\n\n\n<div class=\"wp-block-column has-global-padding is-content-justification-left is-layout-constrained wp-container-core-column-is-layout-12dd3699 wp-block-column-is-layout-constrained\" style=\"flex-basis:50%\">\n<figure class=\"wp-block-image aligncenter size-full is-resized\"><img loading=\"lazy\" decoding=\"async\" width=\"853\" height=\"1280\" src=\"https:\/\/autogdynia.pl\/wp-content\/uploads\/2025\/08\/naprawa-aut.jpg\" alt=\"\" class=\"wp-image-121\" style=\"width:520px\" srcset=\"https:\/\/autogdynia.pl\/wp-content\/uploads\/2025\/08\/naprawa-aut.jpg 853w, https:\/\/autogdynia.pl\/wp-content\/uploads\/2025\/08\/naprawa-aut-200x300.jpg 200w, https:\/\/autogdynia.pl\/wp-content\/uploads\/2025\/08\/naprawa-aut-682x1024.jpg 682w, https:\/\/autogdynia.pl\/wp-content\/uploads\/2025\/08\/naprawa-aut-768x1152.jpg 768w\" sizes=\"auto, (max-width: 853px) 100vw, 853px\" \/><\/figure>\n<\/div>\n<\/div>\n<\/section>\n\n\n\n<section class=\"wp-block-group alignfull has-text-color has-global-padding is-layout-constrained wp-container-core-group-is-layout-b691706e wp-block-group-is-layout-constrained\" style=\"color:#03081e;margin-top:0px;padding-top:4.01rem;padding-right:1rem;padding-bottom:5.5rem;padding-left:1rem;font-size:clamp(0.875rem, 0.875rem + ((1vw - 0.2rem) * 0.464), 1.13rem);font-style:normal;font-weight:400;line-height:1.4\">\n<div class=\"wp-block-columns is-layout-flex wp-container-core-columns-is-layout-db2df21c wp-block-columns-is-layout-flex\" style=\"margin-bottom:0px\">\n<div class=\"wp-block-column has-global-padding is-content-justification-left is-layout-constrained wp-container-core-column-is-layout-12dd3699 wp-block-column-is-layout-constrained\" style=\"flex-basis:50%\">\n<figure class=\"wp-block-image aligncenter size-full is-resized\"><img loading=\"lazy\" decoding=\"async\" width=\"853\" height=\"1280\" src=\"https:\/\/autogdynia.pl\/wp-content\/uploads\/2025\/08\/laweta.jpg\" alt=\"\" class=\"wp-image-120\" style=\"width:520px\" srcset=\"https:\/\/autogdynia.pl\/wp-content\/uploads\/2025\/08\/laweta.jpg 853w, https:\/\/autogdynia.pl\/wp-content\/uploads\/2025\/08\/laweta-200x300.jpg 200w, https:\/\/autogdynia.pl\/wp-content\/uploads\/2025\/08\/laweta-682x1024.jpg 682w, https:\/\/autogdynia.pl\/wp-content\/uploads\/2025\/08\/laweta-768x1152.jpg 768w\" sizes=\"auto, (max-width: 853px) 100vw, 853px\" \/><\/figure>\n<\/div>\n\n\n\n<div class=\"wp-block-column is-layout-flow wp-block-column-is-layout-flow\">\n<div class=\"wp-block-group is-vertical is-content-justification-left is-layout-flex wp-container-core-group-is-layout-c5d44cae wp-block-group-is-layout-flex\" style=\"min-height:100%\">\n<div class=\"wp-block-group has-global-padding is-content-justification-center is-layout-constrained wp-container-core-group-is-layout-b15c80d6 wp-block-group-is-layout-constrained\">\n<h3 class=\"wp-block-heading has-text-align-left has-text-color\" style=\"color:#07277c;margin-top:0.5rem;margin-bottom:1.01rem;font-size:clamp(1.044rem, 1.044rem + ((1vw - 0.2rem) * 1.029), 1.61rem);font-style:normal;font-weight:500;letter-spacing:0px;line-height:1.3;text-transform:capitalize\">Ewakuacja Pojazd\u00f3w<\/h3>\n\n\n\n<p class=\"has-text-align-left has-text-color\" style=\"color:#03081e;margin-top:0rem;font-size:clamp(0.875rem, 0.875rem + ((1vw - 0.2rem) * 0.245), 1.01rem);font-style:normal;font-weight:400;line-height:1.6\">Potrzebujesz pomocy na drodze? Nasza ewakuacja pojazd\u00f3w jest dost\u0119pna 24\/7! Szybko i bezpiecznie przetransportujemy Tw\u00f3j samoch\u00f3d do wybranego miejsca. Niezale\u017cnie od sytuacji, mo\u017cesz na nas liczy\u0107. Nie czekaj, zadzwo\u0144 teraz: <br>+48 531 218 642 i skorzystaj z naszej pomocy!<\/p>\n<\/div>\n<\/div>\n<\/div>\n<\/div>\n<\/section>\n\n\n\n<section class=\"wp-block-cover alignfull is-light\" style=\"margin-top:0px;padding-bottom:13.51rem;min-height:620px;aspect-ratio:unset;\"><img loading=\"lazy\" decoding=\"async\" width=\"683\" height=\"1024\" class=\"wp-block-cover__image-background wp-image-122 size-large\" alt=\"\" src=\"https:\/\/autogdynia.pl\/wp-content\/uploads\/2025\/08\/oziel-gomez-O255DOFraAc-unsplash-1-683x1024.jpg\" data-object-fit=\"cover\" srcset=\"https:\/\/autogdynia.pl\/wp-content\/uploads\/2025\/08\/oziel-gomez-O255DOFraAc-unsplash-1-683x1024.jpg 683w, https:\/\/autogdynia.pl\/wp-content\/uploads\/2025\/08\/oziel-gomez-O255DOFraAc-unsplash-1-200x300.jpg 200w, https:\/\/autogdynia.pl\/wp-content\/uploads\/2025\/08\/oziel-gomez-O255DOFraAc-unsplash-1-768x1152.jpg 768w, https:\/\/autogdynia.pl\/wp-content\/uploads\/2025\/08\/oziel-gomez-O255DOFraAc-unsplash-1-1024x1536.jpg 1024w, https:\/\/autogdynia.pl\/wp-content\/uploads\/2025\/08\/oziel-gomez-O255DOFraAc-unsplash-1-1365x2048.jpg 1365w, https:\/\/autogdynia.pl\/wp-content\/uploads\/2025\/08\/oziel-gomez-O255DOFraAc-unsplash-1-scaled.jpg 1707w\" sizes=\"auto, (max-width: 683px) 100vw, 683px\" \/><span aria-hidden=\"true\" class=\"wp-block-cover__background has-background-dim-0 has-background-dim\" style=\"background-color:#d8e6ec\"><\/span><div class=\"wp-block-cover__inner-container has-global-padding is-layout-constrained wp-container-core-cover-is-layout-14880c13 wp-block-cover-is-layout-constrained\">\n<div class=\"wp-block-group alignfull has-text-color has-global-padding is-layout-constrained wp-container-core-group-is-layout-6f61d7e7 wp-block-group-is-layout-constrained\" style=\"color:#252525;margin-top:0px;padding-top:0rem;padding-right:1rem;padding-bottom:0rem;padding-left:1rem;font-size:clamp(0.875rem, 0.875rem + ((1vw - 0.2rem) * 0.464), 1.13rem);font-style:normal;font-weight:400;line-height:1.4\">\n<div class=\"wp-block-group is-vertical is-content-justification-center is-layout-flex wp-container-core-group-is-layout-b6c1f246 wp-block-group-is-layout-flex\">\n<div class=\"wp-block-group has-global-padding is-layout-constrained wp-container-core-group-is-layout-a099c240 wp-block-group-is-layout-constrained\">\n<h2 class=\"wp-block-heading has-text-align-center has-text-color\" style=\"color:#07277c;margin-bottom:1.11rem;font-size:clamp(1.556rem, 1.556rem + ((1vw - 0.2rem) * 1.916), 2.61rem);font-style:normal;font-weight:500;line-height:1.2;text-transform:capitalize\">Skontaktuj Si\u0119<\/h2>\n\n\n\n<p class=\"has-text-align-center has-text-color\" style=\"color:#03081e;margin-top:0rem;font-size:clamp(0.875rem, 0.875rem + ((1vw - 0.2rem) * 0.427), 1.11rem);font-style:normal;font-weight:400;line-height:1.6\">Masz pytania? Ch\u0119tnie pomo\u017cemy! Zadzwo\u0144 teraz: <\/p>\n\n\n\n<p class=\"has-text-align-center has-text-color\" style=\"color:#03081e;margin-top:0rem;font-size:clamp(0.875rem, 0.875rem + ((1vw - 0.2rem) * 0.427), 1.11rem);font-style:normal;font-weight:400;line-height:1.6\">+48 531 218 642! Czekamy na Ciebie!<\/p>\n\n\n\n<div class=\"wp-block-group is-vertical is-content-justification-stretch is-layout-flex wp-container-core-group-is-layout-be82aac6 wp-block-group-is-layout-flex\" style=\"margin-top:0rem;padding-right:0px;padding-left:0px\">\n<div class=\"wp-block-group has-global-padding is-content-justification-center is-layout-constrained wp-container-core-group-is-layout-0638dde4 wp-block-group-is-layout-constrained\" style=\"margin-top:0px\">\n<div class=\"wp-block-buttons is-horizontal is-content-justification-right is-layout-flex wp-container-core-buttons-is-layout-1b0e492f wp-block-buttons-is-layout-flex\" style=\"margin-top:2.21rem\">\n<div class=\"wp-block-button has-custom-width wp-block-button__width-100 is-style-fill\"><a class=\"wp-block-button__link has-text-color has-background has-border-color has-custom-font-size wp-element-button\" style=\"border-color:#041d55;border-style:solid;border-width:1px;border-radius:2.5rem;color:#07277c;background-color:#ffffff;padding-top:1.1rem;padding-right:0.81rem;padding-bottom:1.1rem;padding-left:0.81rem;font-size:clamp(0.875rem, 0.875rem + ((1vw - 0.2rem) * 0.609), 1.21rem);font-style:normal;font-weight:400;line-height:1;text-transform:capitalize\">Zadzwo\u0144 Teraz!<\/a><\/div>\n<\/div>\n<\/div>\n<\/div>\n<\/div>\n<\/div>\n<\/div>\n<\/div><\/section>\n","protected":false},"excerpt":{"rendered":"<p>Skup Aut Oferujemy skup aut w ka\u017cdym stanie \u2014 nawet tych uszkodzonych! Nasz zesp\u00f3\u0142 szybko oceni warto\u015b\u0107 Twojego pojazdu. Got\u00f3wka od r\u0119ki to nasza specjalno\u015b\u0107! Dzi\u0119ki nam nie musisz si\u0119 martwi\u0107 o transport. Skontaktuj si\u0119 z nami, a my zajmiemy si\u0119 wszystkim. Zadzwo\u0144: +48 531 218 642! Naprawa Samochod\u00f3w Nasza naprawa samochod\u00f3w to gwarancja jako\u015bci! [&hellip;]<\/p>\n","protected":false},"author":1,"featured_media":0,"parent":0,"menu_order":0,"comment_status":"closed","ping_status":"closed","template":"","meta":{"footnotes":""},"class_list":["post-22","page","type-page","status-publish","hentry"],"_links":{"self":[{"href":"https:\/\/autogdynia.pl\/index.php?rest_route=\/wp\/v2\/pages\/22","targetHints":{"allow":["GET"]}}],"collection":[{"href":"https:\/\/autogdynia.pl\/index.php?rest_route=\/wp\/v2\/pages"}],"about":[{"href":"https:\/\/autogdynia.pl\/index.php?rest_route=\/wp\/v2\/types\/page"}],"author":[{"embeddable":true,"href":"https:\/\/autogdynia.pl\/index.php?rest_route=\/wp\/v2\/users\/1"}],"replies":[{"embeddable":true,"href":"https:\/\/autogdynia.pl\/index.php?rest_route=%2Fwp%2Fv2%2Fcomments&post=22"}],"version-history":[{"count":11,"href":"https:\/\/autogdynia.pl\/index.php?rest_route=\/wp\/v2\/pages\/22\/revisions"}],"predecessor-version":[{"id":163,"href":"https:\/\/autogdynia.pl\/index.php?rest_route=\/wp\/v2\/pages\/22\/revisions\/163"}],"wp:attachment":[{"href":"https:\/\/autogdynia.pl\/index.php?rest_route=%2Fwp%2Fv2%2Fmedia&parent=22"}],"curies":[{"name":"wp","href":"https:\/\/api.w.org\/{rel}","templated":true}]}}